{"id":61,"date":"2010-08-18T22:04:09","date_gmt":"2010-08-18T19:04:09","guid":{"rendered":"http:\/\/www.helsinginshakkiklubi.fi\/wp3\/?page_id=61"},"modified":"2022-02-03T19:09:06","modified_gmt":"2022-02-03T17:09:06","slug":"yhteystiedot","status":"publish","type":"page","link":"https:\/\/www.helsinginshakkiklubi.fi\/wp3\/yhteystiedot\/","title":{"rendered":"Yhteystiedot, Kontaktuppgifter"},"content":{"rendered":"<p>Puheenjohtaja,\u00a0ordf\u00f6rande, president:<br \/>\n<strong>Matti Kauranen<\/strong>, e-mail: matti.kauranen(at)gmail.com,<br \/>\n050 332 3942<\/p>\n<p>Varapuheenjohtaja, viceordf\u00f6rande, vice president:<br \/>\n<strong>Matti Uimonen, <\/strong>e-mail:matti.uimonen(at)helsinginshakkiklubi.fi,<br \/>\n050 913 7905<br \/>\nwebmaster<\/p>\n<p>Taloudenhoitaja, kas\u00f6r:<br \/>\n<strong>Matti Koskinen<\/strong><\/p>\n<p><span style=\"color: #000000;\">HSK:n j\u00e4senmaksu on 45 euroa. Nuorilta ja opiskelijoilta se on 20 euroa. J\u00e4senmaksun voi maksaa Klubin pankkitilille<br \/>\nNordea <strong>FI66 1220 3000 2682 56<\/strong>, laita viitenumeroksi <strong>3052<\/strong>.<\/span><\/p>\n<p><span style=\"color: #800080;\">Klubbens medlemsavift \u00e4r 45 euro. Unga och studerande betalar 20 euro. Medlemsavigiften kan betalas till Klubbens konto\u00a0Nordea\u00a0<strong>FI66 12203000268256<\/strong>, \u00a0s\u00e4tta referensnummer 3052.<\/span><\/p>\n<p><span style=\"color: #000080;\">HSK&#8217;s membership fee is \u00a045 euros. For young people and students 20 euros. Membership fee can be paid club&#8217;s bank account <strong>Nordea FI66 12203000268256<\/strong>, put the reference number 3052.<\/span><\/p>\n","protected":false},"excerpt":{"rendered":"<p>Puheenjohtaja,\u00a0ordf\u00f6rande, president: Matti Kauranen, e-mail: matti.kauranen(at)gmail.com, 050 332 3942 Varapuheenjohtaja, viceordf\u00f6rande, vice president: Matti Uimonen, e-mail:matti.uimonen(at)helsinginshakkiklubi.fi, 050 913 7905 webmaster Taloudenhoitaja, kas\u00f6r: Matti Koskinen HSK:n j\u00e4senmaksu on 45 euroa. Nuorilta ja opiskelijoilta se on 20 euroa. J\u00e4senmaksun voi maksaa Klubin pankkitilille Nordea FI66 1220 3000 2682 56, laita viitenumeroksi 3052. Klubbens medlemsavift \u00e4r 45 euro. [&hellip;]<\/p>\n","protected":false},"author":2,"featured_media":0,"parent":0,"menu_order":0,"comment_status":"closed","ping_status":"closed","template":"","meta":{"footnotes":""},"class_list":["post-61","page","type-page","status-publish","hentry"],"_links":{"self":[{"href":"https:\/\/www.helsinginshakkiklubi.fi\/wp3\/wp-json\/wp\/v2\/pages\/61","targetHints":{"allow":["GET"]}}],"collection":[{"href":"https:\/\/www.helsinginshakkiklubi.fi\/wp3\/wp-json\/wp\/v2\/pages"}],"about":[{"href":"https:\/\/www.helsinginshakkiklubi.fi\/wp3\/wp-json\/wp\/v2\/types\/page"}],"author":[{"embeddable":true,"href":"https:\/\/www.helsinginshakkiklubi.fi\/wp3\/wp-json\/wp\/v2\/users\/2"}],"replies":[{"embeddable":true,"href":"https:\/\/www.helsinginshakkiklubi.fi\/wp3\/wp-json\/wp\/v2\/comments?post=61"}],"version-history":[{"count":24,"href":"https:\/\/www.helsinginshakkiklubi.fi\/wp3\/wp-json\/wp\/v2\/pages\/61\/revisions"}],"predecessor-version":[{"id":4811,"href":"https:\/\/www.helsinginshakkiklubi.fi\/wp3\/wp-json\/wp\/v2\/pages\/61\/revisions\/4811"}],"wp:attachment":[{"href":"https:\/\/www.helsinginshakkiklubi.fi\/wp3\/wp-json\/wp\/v2\/media?parent=61"}],"curies":[{"name":"wp","href":"https:\/\/api.w.org\/{rel}","templated":true}]}}