{"id":420,"date":"2010-11-18T19:02:31","date_gmt":"2010-11-18T16:02:31","guid":{"rendered":"http:\/\/www.helsinginshakkiklubi.fi\/?page_id=420"},"modified":"2010-11-28T15:13:05","modified_gmt":"2010-11-28T12:13:05","slug":"grundades-1886","status":"publish","type":"page","link":"https:\/\/www.helsinginshakkiklubi.fi\/wp3\/grundades-1886\/","title":{"rendered":"Grundades 1886"},"content":{"rendered":"<address>Pekka Palamaa [\u00f6vers. Kaj Funck]<\/address>\n<h1>Helsingfors Schackklubb grundades 9 April 1886<\/h1>\n<h2>Klubben f\u00f6rsta \u00e5r 1886-1899<\/h2>\n<p>Perioden under 1800-talet pr\u00e4glades av en stark tillf\u00f6rsikt om Klubbens och schackaktiviteternas framtid i Finland. Ut\u00f6ver normal klubbverksamhet \u00f6ppnades de f\u00f6rsta kontakterna ang\u00e5ende problem- och korrespondensschack. Dessutom gjordes f\u00f6rsta f\u00f6rs\u00f6ken att utge en schacktidning. Klubben hade \u00e4ven m\u00e5nga sv\u00e5righeter: spellokaliteterna byttes alltf\u00f6r ofta och medlemmarna var \u00e4nnu inte tillr\u00e4ckligt bundna (komittade) till aktiviterna. Efter att f\u00f6rsta intresset svalnat minskade antalet medlemmar s\u00e5pass mycket att det hotade avsluta Helsingfors schackklubbs verksamhet, som b\u00f6rjat s\u00e5 bra. Endast n\u00e5gra medlemmars starka tro p\u00e5 framtiden lyfte Klubben igen till en ny tillv\u00e4xt.<\/p>\n<p><strong> <\/strong><\/p>\n<figure id=\"attachment_143\" aria-describedby=\"caption-attachment-143\" style=\"width: 150px\" class=\"wp-caption alignright\"><a rel=\"attachment wp-att-143\" href=\"http:\/\/www.helsinginshakkiklubi.fi\/wp3\/?attachment_id=143\"><img loading=\"lazy\" decoding=\"async\" class=\"size-thumbnail wp-image-143\" title=\"Wasastjerna\" src=\"http:\/\/www.helsinginshakkiklubi.fi\/wp3\/wp-content\/uploads\/2010\/08\/Wasastjerna-150x150.jpg\" alt=\"\" width=\"150\" height=\"150\" \/><\/a><figcaption id=\"caption-attachment-143\" class=\"wp-caption-text\">Wasastjerna<\/figcaption><\/figure>\n<p>Startdatumet f\u00f6r den organiserade schackverksamheten i Finland r\u00e4knas vara 9 april \u00e5r 1886 \u2013 d\u00e5 Helsingfors\u00a0Schackklubb grundades. D\u00e5 m\u00f6ttes \u00e5tta ungdomar i Enkvists cafe vid Alexandersgatan 12 f\u00f6r att diskutera m\u00f6jligheterna att spela schack \u00e4nnu efter studietiden. En del studerade vid Helsingfors Universitet och en del hade redan slutf\u00f6rt sina studier. De hade alla ett gemensamt stort intresse f\u00f6r schack och speciellt de som examinerats\u00a0 konstaterade att spelm\u00f6jligheterna minskats sedan de l\u00e4mnat universitetet. Det fanns inga gemensamma lokaliteter, och det var inte l\u00e4ngre m\u00f6jligt att utnyttja universitetets lokaliteter f\u00f6r hobbyn. Under diskussionerna v\u00e4cktes iden om att starta en f\u00f6rening f\u00f6r schack, vilket fick allas godk\u00e4nnande. Vid samma m\u00f6te besl\u00f6ts bilda en schackf\u00f6rening och som namn g\u00f6dk\u00e4ndes Helsingfors Schackklubb. Tyv\u00e4rr har inga dokument om detta historiska m\u00f6te bevarats, men namnen p\u00e5 grundarna \u00e4r k\u00e4nda: A.E.Arppe, Axel Charpentier, Otto Hjelt, Wilhelm S\u00f6derholm, br\u00f6derna Bj\u00f6rn och Lars Wasastjerna, Werner Wellingk och Johannes \u00d6hqvist. Till f\u00f6rsta ordf\u00f6rande f\u00f6r Helsingfors Schackklubb valdes Bj\u00f6rn Wasastjerna, till viceordf\u00f6rande Johannes \u00d6hqvist och till styrelsemedlemmar Axel Charpentier, Werner Wellingk och Lars Wasastjerna.<\/p>\n<p>Knappast trodde n\u00e5gon av grundarna av Helsingfors Schackklubb att f\u00f6reningen de skapade skulle fungera \u00e4nnu i b\u00f6rjan av n\u00e4sta \u00e5rtusende, och \u00e4nnu d\u00e5 som en livsduglig f\u00f6rening om \u00e4n den m\u00f6tt h\u00e5rda motg\u00e5ngar under sin l\u00e5nga levnadsbana. Lyckligtvis har m\u00e5nga av v\u00e5ra medlemmar s\u00e5 h\u00f6ga tankar om den \u00e4ldsta schackklubben i Finland, den enda som grundats p\u00e5 1800-talet, och dess prestationer, som under sekler varit s\u00e5 imponerande, att klubbens verksamhet inte ens under sv\u00e5ra tider kan avslutas. Under f\u00f6rra seklet och speciellt p\u00e5 senaste tiden har klubbar avslutats och sammanslagits d\u00e5 framg\u00e5ngarna har uteblivit och s\u00e5lunda pr\u00f6vat medlemmarnas motivation. Trenden har lett till och leder till att antalet klubbar minskar i st\u00f6rre bostadscentra, men har ocks\u00e5 lett till en orov\u00e4ckande stagnation av schackintresset \u00e4ven p\u00e5 mindre orter.\u00a0 Schackm\u00e4ssiga vita fl\u00e4ckar p\u00e5 kartan \u00f6kar. Man kan anta att Helsingfors Schackklubbs verksamhet b\u00f6r v\u00e4rderas kulturhistoriskt h\u00f6gt, ty trots att det finns \u00f6ver hundra\u00e5riga f\u00f6reningar inom kultur och idrott s\u00e5 \u00e4r de relativt f\u00e5 och d\u00e4rf\u00f6r b\u00f6r Klubben h\u00f6ra till en speciellt s\u00e4llsynt grupp.<\/p>\n<p>Av de medlemmar som grundade Klubben valdes ut\u00f6ver Bj\u00f6rn Wasastjerna \u00e4ven Johannes<\/p>\n<figure id=\"attachment_144\" aria-describedby=\"caption-attachment-144\" style=\"width: 150px\" class=\"wp-caption alignright\"><a rel=\"attachment wp-att-144\" href=\"http:\/\/www.helsinginshakkiklubi.fi\/wp3\/?attachment_id=144\"><img loading=\"lazy\" decoding=\"async\" class=\"size-thumbnail wp-image-144\" title=\"Otto Hjelt\" src=\"http:\/\/www.helsinginshakkiklubi.fi\/wp3\/wp-content\/uploads\/2010\/08\/HjeltO-150x150.jpg\" alt=\"\" width=\"150\" height=\"150\" \/><\/a><figcaption id=\"caption-attachment-144\" class=\"wp-caption-text\">Otto Hjelt<\/figcaption><\/figure>\n<p>\u00d6hqvist och Otto Hjelt i tiderna till ordf\u00f6rande f\u00f6r Klubben. Denna trio ledde verksamheten s\u00e5 gott som ett kvarts sekel. Redan 1887, p\u00e5 det f\u00f6rsta \u00e5rsm\u00f6tet efter grundandet av Klubben, m\u00e5ste Bj\u00f6rn Wasastjerna p\u00e5 grund av flyttning fr\u00e5n orten \u00f6verl\u00e4mna ordf\u00f6randeskapet. Han \u00e5terv\u00e4nde dock efter ett par \u00e5r till styrelsen, f\u00f6rst som sekreterare, sedan som viceordf\u00f6rande och under \u00e5ren 1907-1911 som ordf\u00f6rande. Efter att Wasastjerna 1887 avg\u00e5tt fr\u00e5n ordf\u00f6randeposten valdes Otto Hjelt till ordf\u00f6rande, en post han innehade 1887-1891 och \u00e5ter \u00e5ret 1901. \u00d6hqvist var ordf\u00f6rande 1892-1897 och 1901-1906, sammanlagt 12 \u00e5r. Under perioden 1898-1899 h\u00f6ll F.W.Selin i ordf\u00f6randeklubban. \u00c5rsm\u00f6tet 1887 valde en kommitt\u00e9 med uppgift att skriva stadgar f\u00f6r Klubben. F\u00f6ljande \u00e5rsm\u00f6te godk\u00e4nde stadgarna, som \u00e4ven godk\u00e4ndes 23 augusti 1888 av Kejserlinga guvermenmentets \u00e4mbetsverk.<\/p>\n<p>Utvecklingen av verksamheten f\u00f6r en ny klubb var arbetsdryg. Det fanns inget f\u00f6rbund som gett direktiv p\u00e5 den tiden och \u00f6vriga kontakt- och informationskanaler var anspr\u00e5ksl\u00f6sa j\u00e4mf\u00f6rt med dagens utbud. Kontakterna med \u00e4ven n\u00e4rliggande l\u00e4nders f\u00f6reningar var relativt l\u00e5ngsamma. Allt m\u00e5ste utvecklas av f\u00f6reningen. Till och med spelreglarna f\u00f6rorsakade misstycke ty de regler Klubbens styrelse godk\u00e4nt accepterades inte av alla medlemmar. Problemet var s\u00e5 allvarligt att det f\u00f6reslogs att spelreglerna antecknas i f\u00f6reningens stadgar. Detta f\u00f6rverkligades inte, men man besl\u00f6t att styrelsens regler g\u00e4ller f\u00f6r alla spel p\u00e5 klubben. Redan v\u00e5ren 1887 spelades den f\u00f6rsta turnerningen och m\u00e5ls\u00e4ttningen var en \u00e5rlig turnering. P\u00e5 den tiden fanns inte schackklockor vilket ledde till l\u00e5nga speltider och tunga turneringar. De flesta medlemmarna koncentrerade sig d\u00e4rf\u00f6r p\u00e5 l\u00e4ttare spel. Naturligtvis fanns det ett otal andra problem, t.ex. klubbens t\u00e4ta adressbyten och sist men inte minst penningbristen, som skuggade verksamheten seklet ut. Men sm\u00e5ningom \u00f6verkoms sv\u00e5righeterna. Medlemsantalet steg 1889 till fyrtio och flera skickliga spelare ansl\u00f6t sig. Sannolikt var inledningsvis Johannes \u00d6hqvist obestridlig m\u00e4stare. Redan \u00e5r 1890 infann sig en n\u00e4stan 20-\u00e5rig spelare Anatol Tschepurnoff, som snart var j\u00e4mnstark med \u00d6hqvist. Tschepurnoff var anst\u00e4lld vid j\u00e4rnv\u00e4garna och kommenderas i slutet av 1890-talet till revisor i St Petersburg och han \u00e5terkom till Finland f\u00f6rst n\u00e4rnare tv\u00e5 decennier senare. Tiden utomlands var s\u00e5tillvidare lycklig f\u00f6r Tschepurnoffs utveckling i schack, ty St Petersburg var redan d\u00e5 ett betydande centrum f\u00f6r schack. Han blev ocks\u00e5 Finland f\u00f6rsta officiella schackm\u00e4stare efter att det nygrundade Finlands schackf\u00f6rbund fastst\u00e4llt kriterierna f\u00f6r m\u00e4stare.<\/p>\n<p>Trots \u00f6ppnandet av nya betydande horisonter i b\u00f6rjan av 1890-talet intr\u00e4ffade en lindrig<\/p>\n<figure id=\"attachment_145\" aria-describedby=\"caption-attachment-145\" style=\"width: 150px\" class=\"wp-caption alignright\"><a rel=\"attachment wp-att-145\" href=\"http:\/\/www.helsinginshakkiklubi.fi\/wp3\/?attachment_id=145\"><img loading=\"lazy\" decoding=\"async\" class=\"size-thumbnail wp-image-145\" title=\"Johannes \u00d6hquist\" src=\"http:\/\/www.helsinginshakkiklubi.fi\/wp3\/wp-content\/uploads\/2010\/08\/OhquistJ-150x150.jpg\" alt=\"\" width=\"150\" height=\"150\" \/><\/a><figcaption id=\"caption-attachment-145\" class=\"wp-caption-text\">Johannes \u00d6hquist<\/figcaption><\/figure>\n<p>stagnation. Intresset f\u00f6r problemschack var p\u00e5 den tiden livlig inom Klubben och dess sannolikt fr\u00e4msta representant var Johannes \u00d6hqvist. Han var s\u00e5 bra p\u00e5 problemsckack att n\u00e4r Suomen Teht\u00e4v\u00e4niekat grundades 1935 s\u00e5 utn\u00e4mndes han till den f\u00f6rsta problemschackm\u00e4staren 1936. HSK anordnade under ledning av \u00d6hqvist den i Finland f\u00f6rsta t\u00e4vlingen i problemdesign. I korrespondesschack anordnade HSK\u00a0 1890 den f\u00f6rsta utlandskontakten, d\u00e4r Klubbens spelare vid Universitetet spelade mot universitetet i Dorpat. \u00c5r 1890 publicerade HSK den f\u00f6rsta finl\u00e4ndska schacktidningen \u201dTidskrift f\u00f6r Schack\u201d med \u00d6hqvist som redakt\u00f6r. Tidningen utkom tio g\u00e5nger som 10-sidig, men m\u00e5ste upph\u00f6ra av samma sk\u00e4l som s\u00e5 m\u00e5nga senare tidningar: alltf\u00f6r f\u00e5 prenumeranter \u2013 i det h\u00e4r fallet 41 s\u00e5som arkiven visar \u2013 ger otillr\u00e4cklig trygghet.<\/p>\n<p>Deltagandet i Klubbens samkv\u00e4m minskade i b\u00f6rjan av 1890-talet. \u00c5rsber\u00e4ttelsen f\u00f6r 1890 konstaterar undvikande att \u201ddeltagandet i Klubbens spelkv\u00e4llar inte varit s\u00e4rdeles aktivt\u201d och d\u00e4rp\u00e5f\u00f6ljande \u00e5r \u201dabsolut f\u00e5 anl\u00e4nder till spelkv\u00e4llarna\u201d. Synbarligen hade schackintresset inte slagit rot bland medlemmarna. \u00c5r 1892 flyttade styrelsen spelkv\u00e4llarna fr\u00e5n Cafe Platen, Skillnaden 4, till Cafe Catani p\u00e5 Norra Esplanaden 31 f\u00f6r att aktivera medlemmarna och i hopp att f\u00e5 nya medlemmar att ansluta sig. I tidigare n\u00e4mnda stadgar fanns en klausul, som f\u00f6rutsatte att minst<\/p>\n<p>12 medlemmar b\u00f6r vara n\u00e4rvarande vid \u00e5rsm\u00f6tet f\u00f6r att m\u00f6tet skulle vara beslutsgiltigt. Vid \u00e5rsm\u00f6tet 1893 var n\u00e4rvarande knappt \u00f6ver det stipulerade, men \u00e5ren 1894-1896 lyckades man inte f\u00e5 \u00e5rsm\u00f6tet beslutsgiltigt. Styrelsen som valts 1893 fortsatte\u00a0 till 1897. H\u00e4r b\u00f6r n\u00e4mnas de medlemmar som av egna medel finansierade f\u00f6rnyandet av spelmaterial och \u00f6vriga kostnader : Johannes \u00d6hqvist, F.W.Selin, E.Wasenius och br\u00f6derna Bj\u00f6rn och Nils Wasastjerna.<\/p>\n<p>\u00c5r 1897 fick man sk\u00f6rda frukterna av det tidigare adressbytet.Spelkv\u00e4llarna aktiverades och en senare flyttning av spelkv\u00e4llarna till Restaurant Gambrini \u00f6kade medlemsantalet i Klubben. Vid \u00e5rsm\u00f6tet 14. september 1897 en ny styrelse, som till stor del bestod av tidigare l\u00e5ngvariga styrelsemedlemmar. \u00c4ndringen bestod i att Klubben igen fungerade och att medlemmsavgifter uppbars. V\u00e4rlden har nuf\u00f6rtiden \u00e4ndrats s\u00e5 mycket att det \u00e4r osannolikt att n\u00e5gon klubb skulle ha \u00f6verlevt beskrivna problem. \u00d6hqvist avsade sig ordf\u00f6randeskapet 1898 och F.W.Selin valdes till hans efterf\u00f6ljare och sk\u00f6tte uppgiften \u00e5ren 1898-1899. F\u00f6rsta \u00e5rens ordf\u00f6rande Otto Hjelt fungerade som viceordf\u00f6rande och Bj\u00f6rn Wasastjerna fungerade som sekreterare. Uppenbarligen 1897-1898 flyttade spelkv\u00e4llarna till Brandk\u00e5rshuset vid Hagasundsgatan \u2013 senare Centralgatan 7. Detta var den sj\u00e4tte spelplatsen under fjorton \u00e5r. Helsingfors Schackklubbs fjorton f\u00f6rsta verksamhets\u00e5r var fyllda med sv\u00e5righeter, som dock \u00f6vervunnits och under dessa 14 \u00e5r etablerades kutymer, som gott st\u00f6dde verksamheten som d\u00e5 gick in i ett nytt sekel med nya utmaningar.<\/p>\n","protected":false},"excerpt":{"rendered":"<p>Pekka Palamaa [\u00f6vers. Kaj Funck] Helsingfors Schackklubb grundades 9 April 1886 Klubben f\u00f6rsta \u00e5r 1886-1899 Perioden under 1800-talet pr\u00e4glades av en stark tillf\u00f6rsikt om Klubbens och schackaktiviteternas framtid i Finland. Ut\u00f6ver normal klubbverksamhet \u00f6ppnades de f\u00f6rsta kontakterna ang\u00e5ende problem- och korrespondensschack. Dessutom gjordes f\u00f6rsta f\u00f6rs\u00f6ken att utge en schacktidning. Klubben hade \u00e4ven m\u00e5nga sv\u00e5righeter: spellokaliteterna [&hellip;]<\/p>\n","protected":false},"author":2,"featured_media":0,"parent":0,"menu_order":0,"comment_status":"open","ping_status":"open","template":"","meta":{"footnotes":""},"class_list":["post-420","page","type-page","status-publish","hentry"],"_links":{"self":[{"href":"https:\/\/www.helsinginshakkiklubi.fi\/wp3\/wp-json\/wp\/v2\/pages\/420","targetHints":{"allow":["GET"]}}],"collection":[{"href":"https:\/\/www.helsinginshakkiklubi.fi\/wp3\/wp-json\/wp\/v2\/pages"}],"about":[{"href":"https:\/\/www.helsinginshakkiklubi.fi\/wp3\/wp-json\/wp\/v2\/types\/page"}],"author":[{"embeddable":true,"href":"https:\/\/www.helsinginshakkiklubi.fi\/wp3\/wp-json\/wp\/v2\/users\/2"}],"replies":[{"embeddable":true,"href":"https:\/\/www.helsinginshakkiklubi.fi\/wp3\/wp-json\/wp\/v2\/comments?post=420"}],"version-history":[{"count":12,"href":"https:\/\/www.helsinginshakkiklubi.fi\/wp3\/wp-json\/wp\/v2\/pages\/420\/revisions"}],"predecessor-version":[{"id":423,"href":"https:\/\/www.helsinginshakkiklubi.fi\/wp3\/wp-json\/wp\/v2\/pages\/420\/revisions\/423"}],"wp:attachment":[{"href":"https:\/\/www.helsinginshakkiklubi.fi\/wp3\/wp-json\/wp\/v2\/media?parent=420"}],"curies":[{"name":"wp","href":"https:\/\/api.w.org\/{rel}","templated":true}]}}