{"id":132,"date":"2010-08-22T19:30:52","date_gmt":"2010-08-22T16:30:52","guid":{"rendered":"http:\/\/www.helsinginshakkiklubi.fi\/wp3\/?page_id=132"},"modified":"2025-05-14T14:21:57","modified_gmt":"2025-05-14T12:21:57","slug":"peli-illat","status":"publish","type":"page","link":"https:\/\/www.helsinginshakkiklubi.fi\/wp3\/peli-illat\/","title":{"rendered":"Peli-illat"},"content":{"rendered":"\n<p><\/p>\n\n\n\n<p>Peli-illat ovat maanantaisin klo <span style=\"color: #ff0000;\">18.10<\/span> ja torstaisin <span style=\"color: #ff0000;\">18.30<\/span> alkaen, osoite on Annankatu 26, <a href=\"https:\/\/maps.app.goo.gl\/mdGQ3yQQZnBshmQj9\">kartta<\/a>.<\/p>\n\n\n\n<p>Maanantaisin pelataan 3 min. + 2 sek. pikapelej\u00e4. Torstaisin pelataan 10 min. + 5 sek ajoilla. Torstaisin my\u00f6s nuorten valmennusta.<\/p>\n\n\n\n<p><strong>Spellkv\u00e4llar<\/strong><\/p>\n\n\n\n<p><span style=\"color: #0000ff;\">Spelkv\u00e4llar \u00e4r m\u00e5ndagar fr\u00e5n och med kl. <span style=\"color: #ff0000;\">18.10 och torsdagar 18.30.&nbsp;<\/span><\/span><\/p>\n\n\n\n<p><span style=\"color: #0000ff;\">P\u00e5 m\u00e5ndagarna spelas 3min +2 sek bliztspel. P\u00e5 torsdagar \u00e4r speltiden 10 minuter + 5 sek. P\u00e5 torsdagar ocks\u00e5 tr\u00e4ning f\u00f6r ungdomar.<\/span><\/p>\n\n\n\n<p><strong><span style=\"color: #800080;\">Club evenings<\/span><\/strong><\/p>\n\n\n\n<p><span style=\"color: #800080;\">We are playing twice a week in our club: Monday <span style=\"color: #ff0000;\">18:10<\/span> -, 3 min + 2 sec and Thursday <span style=\"color: #ff0000;\">18:30<\/span> -, 10 min +5 sec. Thursdays also chess training for young players.<\/span><\/p>\n\n\n\n<p><\/p>\n","protected":false},"excerpt":{"rendered":"<p>Peli-illat ovat maanantaisin klo 18.10 ja torstaisin 18.30 alkaen, osoite on Annankatu 26, kartta. Maanantaisin pelataan 3 min. + 2 sek. pikapelej\u00e4. Torstaisin pelataan 10 min. + 5 sek ajoilla. Torstaisin my\u00f6s nuorten valmennusta. Spellkv\u00e4llar Spelkv\u00e4llar \u00e4r m\u00e5ndagar fr\u00e5n och med kl. 18.10 och torsdagar 18.30.&nbsp; P\u00e5 m\u00e5ndagarna spelas 3min +2 sek bliztspel. P\u00e5 torsdagar [&hellip;]<\/p>\n","protected":false},"author":2,"featured_media":0,"parent":0,"menu_order":0,"comment_status":"open","ping_status":"open","template":"","meta":{"footnotes":""},"class_list":["post-132","page","type-page","status-publish","hentry"],"_links":{"self":[{"href":"https:\/\/www.helsinginshakkiklubi.fi\/wp3\/wp-json\/wp\/v2\/pages\/132","targetHints":{"allow":["GET"]}}],"collection":[{"href":"https:\/\/www.helsinginshakkiklubi.fi\/wp3\/wp-json\/wp\/v2\/pages"}],"about":[{"href":"https:\/\/www.helsinginshakkiklubi.fi\/wp3\/wp-json\/wp\/v2\/types\/page"}],"author":[{"embeddable":true,"href":"https:\/\/www.helsinginshakkiklubi.fi\/wp3\/wp-json\/wp\/v2\/users\/2"}],"replies":[{"embeddable":true,"href":"https:\/\/www.helsinginshakkiklubi.fi\/wp3\/wp-json\/wp\/v2\/comments?post=132"}],"version-history":[{"count":28,"href":"https:\/\/www.helsinginshakkiklubi.fi\/wp3\/wp-json\/wp\/v2\/pages\/132\/revisions"}],"predecessor-version":[{"id":5947,"href":"https:\/\/www.helsinginshakkiklubi.fi\/wp3\/wp-json\/wp\/v2\/pages\/132\/revisions\/5947"}],"wp:attachment":[{"href":"https:\/\/www.helsinginshakkiklubi.fi\/wp3\/wp-json\/wp\/v2\/media?parent=132"}],"curies":[{"name":"wp","href":"https:\/\/api.w.org\/{rel}","templated":true}]}}